{"id":3290,"date":"2024-09-12T09:02:31","date_gmt":"2024-09-12T09:02:31","guid":{"rendered":"https:\/\/apexes.ac\/?page_id=3290"},"modified":"2024-11-05T16:50:46","modified_gmt":"2024-11-05T16:50:46","slug":"programs","status":"publish","type":"page","link":"https:\/\/apexes.ac\/fr\/programs\/","title":{"rendered":"Formations"},"content":{"rendered":"<div data-elementor-type=\"wp-page\" data-elementor-id=\"3290\" class=\"elementor elementor-3290\" data-elementor-post-type=\"page\">\n\t\t\t\t<div class=\"elementor-element elementor-element-0ea345f e-con-full e-flex wpr-particle-no wpr-jarallax-no wpr-parallax-no wpr-sticky-section-no e-con e-parent\" data-id=\"0ea345f\" data-element_type=\"container\" data-settings=\"{&quot;background_background&quot;:&quot;classic&quot;}\">\n\t\t<div class=\"elementor-element elementor-element-25ac0e2 e-con-full e-flex wpr-particle-no wpr-jarallax-no wpr-parallax-no wpr-sticky-section-no e-con e-child\" data-id=\"25ac0e2\" data-element_type=\"container\" data-settings=\"{&quot;background_background&quot;:&quot;classic&quot;}\">\n\t\t\t\t<\/div>\n\t\t<div class=\"elementor-element elementor-element-99c26b6 e-flex e-con-boxed wpr-particle-no wpr-jarallax-no wpr-parallax-no wpr-sticky-section-no e-con e-child\" data-id=\"99c26b6\" data-element_type=\"container\">\n\t\t\t\t\t<div class=\"e-con-inner\">\n\t\t<div class=\"elementor-element elementor-element-0f618b6 e-con-full e-flex wpr-particle-no wpr-jarallax-no wpr-parallax-no wpr-sticky-section-no e-con e-child\" data-id=\"0f618b6\" data-element_type=\"container\">\n\t\t<div class=\"elementor-element elementor-element-3cd00b5 e-con-full e-flex wpr-particle-no wpr-jarallax-no wpr-parallax-no wpr-sticky-section-no e-con e-child\" data-id=\"3cd00b5\" data-element_type=\"container\" data-settings=\"{&quot;background_background&quot;:&quot;classic&quot;}\">\n\t\t\t\t<div class=\"elementor-element elementor-element-ca3771f elementor-widget elementor-widget-heading\" data-id=\"ca3771f\" data-element_type=\"widget\" data-widget_type=\"heading.default\">\n\t\t\t\t<div class=\"elementor-widget-container\">\n\t\t\t<h2 class=\"elementor-heading-title elementor-size-default\">Formations<\/h2>\t\t<\/div>\n\t\t\t\t<\/div>\n\t\t\t\t<\/div>\n\t\t<div class=\"elementor-element elementor-element-cfe29e7 e-con-full e-flex wpr-particle-no wpr-jarallax-no wpr-parallax-no wpr-sticky-section-no e-con e-child\" data-id=\"cfe29e7\" data-element_type=\"container\">\n\t\t\t\t<\/div>\n\t\t\t\t<\/div>\n\t\t\t\t\t<\/div>\n\t\t\t\t<\/div>\n\t\t\t\t<\/div>\n\t\t<div class=\"elementor-element elementor-element-173c7a8 e-flex e-con-boxed wpr-particle-no wpr-jarallax-no wpr-parallax-no wpr-sticky-section-no e-con e-parent\" data-id=\"173c7a8\" data-element_type=\"container\">\n\t\t\t\t\t<div class=\"e-con-inner\">\n\t\t\t\t<div class=\"elementor-element elementor-element-c77ce13 elementor-widget elementor-widget-heading\" data-id=\"c77ce13\" data-element_type=\"widget\" data-widget_type=\"heading.default\">\n\t\t\t\t<div class=\"elementor-widget-container\">\n\t\t\t<h2 class=\"elementor-heading-title elementor-size-default\">Explore Our Courses and Programs<\/h2>\t\t<\/div>\n\t\t\t\t<\/div>\n\t\t\t\t<div class=\"elementor-element elementor-element-56a3cf0 elementor-widget elementor-widget-text-editor\" data-id=\"56a3cf0\" data-element_type=\"widget\" data-widget_type=\"text-editor.default\">\n\t\t\t\t<div class=\"elementor-widget-container\">\n\t\t\t\t\t\t\t<p>\u00c0 Apex, nous offrons un large \u00e9ventail de cours en ligne et de formations universitaires con\u00e7us pour r\u00e9pondre aux besoins du march\u00e9 du travail dynamique d\u2019aujourd\u2019hui.<\/p><p>Nos programmes sont accr\u00e9dit\u00e9s, abordables et con\u00e7us pour offrir une exp\u00e9rience d'apprentissage compl\u00e8te.<\/p><p>Que vous cherchiez \u00e0 faire progresser votre carri\u00e8re, \u00e0 acqu\u00e9rir de nouvelles comp\u00e9tences ou \u00e0 poursuivre une passion, nos cours universitaires en ligne sont l\u00e0 pour vous aider \u00e0 atteindre vos objectifs.<\/p>\t\t\t\t\t\t<\/div>\n\t\t\t\t<\/div>\n\t\t\t\t<div class=\"elementor-element elementor-element-677129b elementor-widget elementor-widget-shortcode\" data-id=\"677129b\" data-element_type=\"widget\" data-widget_type=\"shortcode.default\">\n\t\t\t\t<div class=\"elementor-widget-container\">\n\t\t\t\t\t<div class=\"elementor-shortcode\">\r\n<div id=\"loader-wrapper\" style=\"position: fixed; top: 0; left: 0; width: 100%; height: 100%; background-color: rgba(0, 0, 0, 0.8); display: flex; justify-content: center; align-items: center; z-index: 9999;\">\r\n    <div id=\"loader\" style=\"width: 50px; height: 50px; background-color: #9c1732; border-radius: 50%; animation: bounceScale 1.5s infinite ease-in-out;\">\r\n    <\/div>\r\n<\/div>\r\n<style>\r\n    @keyframes bounceScale {\r\n        0%, 100% {\r\n            transform: scale(1);\r\n        }\r\n        50% {\r\n            transform: scale(1.5);\r\n        }\r\n    }\r\n<\/style>\r\n<script>\r\n    window.addEventListener(\"load\", function() {\r\n        var loaderWrapper = document.getElementById(\"loader-wrapper\");\r\n        if (loaderWrapper) {\r\n            loaderWrapper.style.transition = \"opacity 0.5s ease\";\r\n            loaderWrapper.style.opacity = \"0\";\r\n            setTimeout(function() {\r\n                loaderWrapper.style.display = \"none\";\r\n            }, 1500);\r\n        }\r\n    });\r\n<\/script>\r\n<div class=\"apex-universitys-wrapper\"><div class=\"apex-course-search-filter filter-university-tab\"><input type=\"text\" id=\"apex-course-search-university\" class=\"apex-custom-search-bar filter-university-tab-input\" placeholder=\"Recherche d&#039;universit\u00e9s\"><div class=\"apex-filters filter-university-tab-filters\"><span class=\"apex-filter-label apex-filter-label-university\">Filtrer par:<\/span><select id=\"apex-course-postgraduate-filter-university\" class=\"apex-filter-select\"><option value=\"\" selected>University<\/option><option value=\"Nile Valley University\">Nile Valley University<\/option><option value=\"Al-Hikmah University\">Universit\u00e9 Al-Hikmah<\/option><option value=\"Al-Eamar University of Guinea\">Universit\u00e9 Al-Eamar De Guin\u00e9e<\/option><option value=\"Al-Muhibbah Open University\">Universit\u00e9 Ouverte Al-Muhibbah<\/option><option value=\"Iconic Open University\">Iconic Open University<\/option><option value=\"Universit\u00e9 de N\u2019Djamena\">Universit\u00e9 de N\u2019Djamena<\/option><\/select><select id=\"apex-course-category-filter-university\" class=\"apex-filter-select\"><option value=\"\" selected>Categories<\/option><option value=\"Information Technology\" >Information Technology<\/option><option value=\"Business Administration\" >Administration des Affaires<\/option><option value=\"Engineering and Computer science\" >Ing\u00e9nierie et Science Informatique<\/option><option value=\"Public administration\" >Administration publique<\/option><\/select><select id=\"apex-course-language-filter-university\" class=\"apex-filter-select\"><option value=\"\" selected>Language<\/option><option value=\"english\">English<\/option><option value=\"arabic\">Arabic<\/option><option value=\"french\">French<\/option><\/select><button class=\"apex-clear-filters-university\" type=\"button\">Effacer<\/button><\/div><\/div><div class=\"apex-courses-grid\"><div class=\"apex-course-item-university\" data-category=\"Programs, Courses, Post Graduate, Under Graduate, Business Administration, Engineering and Computer science, Information Technology\" data-level=\"Iconic Open University\" data-language=\"English\" data-slug=\"iconic-open-university\"><a href=\"https:\/\/apexes.ac\/fr\/category\/iconic-open-university\" class=\"\"><div class=\"apex-course-logoUniversity\"><img decoding=\"async\" class=\"\" src=\"https:\/\/apexes.ac\/wp-content\/uploads\/2024\/08\/Rectangle-16-1.png\" \/><\/div><div class=\"apex-course-thumbnail-university\"><img decoding=\"async\" style=\"width:100%; height:100%\" class=\"\" src=\"https:\/\/apexes.ac\/wp-content\/uploads\/2024\/09\/University01.png\" \/><\/div><div class=\"apex-course-content-university\"><div class=\"apex-course-title-university\">Iconic Open University<\/div><\/div><\/a><\/div><div class=\"apex-course-item-university\" data-category=\"Programs, Courses, Post Graduate, Business Administration, Under Graduate, Business Administration\" data-level=\"Al-Eamar University of Guinea\" data-language=\"French\" data-slug=\"al-eamar-university-of-guinea\"><a href=\"https:\/\/apexes.ac\/fr\/category\/al-eamar-university-of-guinea\" class=\"\"><div class=\"apex-course-logoUniversity\"><img decoding=\"async\" class=\"\" src=\"https:\/\/apexes.ac\/wp-content\/uploads\/2024\/12\/Group-183.png\" \/><\/div><div class=\"apex-course-thumbnail-university\"><img decoding=\"async\" style=\"width:100%; height:100%\" class=\"\" src=\"https:\/\/apexes.ac\/wp-content\/uploads\/2024\/12\/1fdbe51c-6006-4493-a287-ac0ab3de0525.jpg\" \/><\/div><div class=\"apex-course-content-university\"><div class=\"apex-course-title-university\">Universit\u00e9 Al-Eamar De Guin\u00e9e<\/div><\/div><\/a><\/div><div class=\"apex-course-item-university\" data-category=\"Programs, Courses, Post Graduate, Under Graduate, Information Technology\" data-level=\"Universit\u00e9 de N\u2019Djamena\" data-language=\"Arabic, French\" data-slug=\"university-of-ndjamena\"><a href=\"https:\/\/apexes.ac\/fr\/category\/university-of-ndjamena\" class=\"\"><div class=\"apex-course-logoUniversity\"><img decoding=\"async\" class=\"\" src=\"http:\/\/apexes.ac\/wp-content\/uploads\/2025\/10\/featyre.png\" \/><\/div><div class=\"apex-course-thumbnail-university\"><img decoding=\"async\" style=\"width:100%; height:100%\" class=\"\" src=\"http:\/\/apexes.ac\/wp-content\/uploads\/2025\/10\/Univ-NDJAMENA-1024x436-1.jpg\" \/><\/div><div class=\"apex-course-content-university\"><div class=\"apex-course-title-university\">Universit\u00e9 de N\u2019Djamena<\/div><\/div><\/a><\/div><div class=\"apex-course-item-university\" data-category=\"Programs, Courses, Post Graduate, Business Administration, Under Graduate, Business Administration\" data-level=\"Nile Valley University\" data-language=\"English, Arabic\" data-slug=\"nile-valley-university\"><a href=\"https:\/\/apexes.ac\/fr\/category\/nile-valley-university\" class=\"\"><div class=\"apex-course-logoUniversity\"><img decoding=\"async\" class=\"\" src=\"http:\/\/apexes.ac\/wp-content\/uploads\/2026\/02\/logo.png\" \/><\/div><div class=\"apex-course-thumbnail-university\"><img decoding=\"async\" style=\"width:100%; height:100%\" class=\"\" src=\"http:\/\/apexes.ac\/wp-content\/uploads\/2026\/02\/7.png\" \/><\/div><div class=\"apex-course-content-university\"><div class=\"apex-course-title-university\">Nile Valley University<\/div><\/div><\/a><\/div><div class=\"apex-course-item-university\" data-category=\"Programs, Courses, Post Graduate, Business Administration, Engineering and Computer science, Information Technology, Public Administration, Under Graduate, Business Administration, Engineering and Computer science, Information Technology\" data-level=\"Al-Hikmah University\" data-language=\"English\" data-slug=\"al-hikmah-university\"><a href=\"https:\/\/apexes.ac\/fr\/category\/al-hikmah-university\" class=\"\"><div class=\"apex-course-logoUniversity\"><img decoding=\"async\" class=\"\" src=\"https:\/\/apexes.ac\/wp-content\/uploads\/2024\/08\/Rectangle-7-9.png\" \/><\/div><div class=\"apex-course-thumbnail-university\"><img decoding=\"async\" style=\"width:100%; height:100%\" class=\"\" src=\"https:\/\/apexes.ac\/wp-content\/uploads\/2024\/09\/University02.png\" \/><\/div><div class=\"apex-course-content-university\"><div class=\"apex-course-title-university\">Universit\u00e9 Al-Hikmah<\/div><\/div><\/a><\/div><div class=\"apex-course-item-university\" data-category=\"Programs, Courses, Post Graduate, Under Graduate, Business Administration, Engineering and Computer science, Information Technology\" data-level=\"Al-Muhibbah Open University\" data-language=\"English\" data-slug=\"al-muhibbah-open-university\"><a href=\"https:\/\/apexes.ac\/fr\/category\/al-muhibbah-open-university\" class=\"\"><div class=\"apex-course-logoUniversity\"><img decoding=\"async\" class=\"\" src=\"https:\/\/apexes.ac\/wp-content\/uploads\/2024\/08\/Rectangle-15-1-1.png\" \/><\/div><div class=\"apex-course-thumbnail-university\"><img decoding=\"async\" style=\"width:100%; height:100%\" class=\"\" src=\"https:\/\/apexes.ac\/wp-content\/uploads\/2024\/09\/University03.png\" \/><\/div><div class=\"apex-course-content-university\"><div class=\"apex-course-title-university\">Universit\u00e9 Ouverte Al-Muhibbah<\/div><\/div><\/a><\/div>\r\n    <div  class=\"showNoRecord\" style=\"width:100%\">\r\n    <div  style=\"display:flex; justify-content: center; width:100%;\">\r\n        <div>\r\n            <img loading=\"lazy\" alt=\"no record found\" width=\"300\" height=\"250\" decoding=\"async\" class=\"object-fit-cover\" src=\"https:\/\/apexes.ac\/wp-content\/uploads\/2024\/09\/no-record-found.webp\" \r\n            style=\"color: transparent;\">\r\n            <div style=\"font-size: 30px; font-weight: 600; text-align: center; margin-top: 25px; margin-bottom: 25px;\">No Record Found<\/div>\r\n        <\/div>\r\n        <\/div>\r\n    <\/div><\/div><\/div><div class=\"apex-programs-wrapper\"><div class=\"apex-course-search-filter\"><input type=\"text\" id=\"apex-course-search-programs\" class=\"apex-search-bar apex-custom-search-bar-programs\" placeholder=\"Search\"><div class=\"apex-filters\"><span class=\"apex-filter-label\">Filtrer par:<\/span><select id=\"apex-course-postgraduate-filter-programs\" class=\"apex-filter-select\"><option value=\"\" selected>Levels<\/option><option value=\"Post Graduate\">Post Graduate<\/option><option value=\"Under Graduate\">Under Graduate<\/option><\/select><select id=\"apex-course-language-filter-programs\" class=\"apex-filter-select\"><option value=\"\" selected>Language<\/option><option value=\"English\">English<\/option><option value=\"Arabic\">Arabic<\/option><option value=\"French\">French<\/option><\/select><button class=\"apex-clear-filters-programs\" type=\"button\">Effacer<\/button><\/div><\/div><div style=\"display:none;\" class=\"apex-courses-grid\"><div class=\"apex-course-item-programs\" data-category=\"Business Administration\" data-level=\"Post Graduate, Courses, Programs, Nile Valley University, Universities, Post Graduate, Under Graduate, Courses, Programs, Al-Hikmah University, Universities, Under Graduate, Post Graduate, Courses, Programs, Al-Eamar University of Guinea, Universities, Post Graduate, Under Graduate, Courses, Programs, Al-Muhibbah Open University, Universities, Under Graduate, Under Graduate, Courses, Programs, Iconic Open University, Universities, Under Graduate, Post Graduate, Courses, Programs, Al-Hikmah University, Universities, Post Graduate, Under Graduate, Courses, Programs, Al-Eamar University of Guinea, Universities, Under Graduate, Under Graduate, Courses, Programs, Nile Valley University, Universities, Under Graduate\" data-language=\"\" data-slug=\"business-administration-post-graduate-courses-programs-nile-valley-university\"><a class=\"apex-course-link\" href=\"https:\/\/apexes.ac\/fr\/category\/courses\/business-administration-post-graduate-courses-programs-nile-valley-university\"><div class=\"apex-course-thumbnail-programs\"><img decoding=\"async\" src=\"https:\/\/apexes.ac\/wp-content\/uploads\/2024\/08\/Business-Administration-1-1-1.svg\"><\/div><div class=\"apex-course-content-program\"><div class=\"apex-course-title-programs\">Administration des Affaires<\/div><\/div><\/a><\/div><div class=\"apex-course-item-programs\" data-category=\"Engineering and Computer science\" data-level=\"Under Graduate, Courses, Programs, Al-Muhibbah Open University, Universities, Under Graduate, Post Graduate, Courses, Programs, Al-Hikmah University, Universities, Post Graduate, Under Graduate, Courses, Programs, Iconic Open University, Universities, Under Graduate, Under Graduate, Courses, Programs, Al-Hikmah University, Universities, Under Graduate\" data-language=\"English\" data-slug=\"engineering-and-computer-science\"><a class=\"apex-course-link\" href=\"https:\/\/apexes.ac\/fr\/category\/courses\/engineering-and-computer-science\"><div class=\"apex-course-thumbnail-programs\"><img decoding=\"async\" src=\"https:\/\/apexes.ac\/wp-content\/uploads\/2024\/09\/Business-Administration-1-10.svg\"><\/div><div class=\"apex-course-content-program\"><div class=\"apex-course-title-programs\">Ing\u00e9nierie et Science Informatique<\/div><\/div><\/a><\/div><div class=\"apex-course-item-programs\" data-category=\"Information Technology\" data-level=\"Post Graduate, Courses, Programs, Al-Hikmah University, Universities, Post Graduate, Under Graduate, Courses, Programs, Al-Muhibbah Open University, Universities, Under Graduate, Under Graduate, Courses, Programs, Iconic Open University, Universities, Under Graduate, Under Graduate, Courses, Programs, Universit\u00e9 de N\u2019Djamena, Universities, Under Graduate, Under Graduate, Courses, Programs, Al-Hikmah University, Universities, Under Graduate\" data-language=\"English\" data-slug=\"information-technology-post-graduate-courses-programs-al-hikmah-university\"><a class=\"apex-course-link\" href=\"https:\/\/apexes.ac\/fr\/category\/courses\/information-technology-post-graduate-courses-programs-al-hikmah-university\"><div class=\"apex-course-thumbnail-programs\"><img decoding=\"async\" src=\"https:\/\/apexes.ac\/wp-content\/uploads\/2024\/09\/Business-Administration-1-12.svg\"><\/div><div class=\"apex-course-content-program\"><div class=\"apex-course-title-programs\">Information Technology<\/div><\/div><\/a><\/div><div class=\"apex-course-item-programs\" data-category=\"Public Administration\" data-level=\"Post Graduate, Courses, Programs, Al-Hikmah University, Universities, Post Graduate\" data-language=\"English\" data-slug=\"public-administration\"><a class=\"apex-course-link\" href=\"https:\/\/apexes.ac\/fr\/category\/courses\/public-administration\"><div class=\"apex-course-thumbnail-programs\"><img decoding=\"async\" src=\"https:\/\/apexes.ac\/wp-content\/uploads\/2024\/09\/Business-Administration-1-6.svg\"><\/div><div class=\"apex-course-content-program\"><div class=\"apex-course-title-programs\">Administartion Publique<\/div><\/div><\/a><\/div>\r\n    <div  class=\"showNoRecord\" style=\"width:100%\">\r\n    <div  style=\"display:flex; justify-content: center; width:100%;\">\r\n        <div>\r\n            <img loading=\"lazy\" alt=\"no record found\" width=\"300\" height=\"250\" decoding=\"async\" class=\"object-fit-cover\" src=\"https:\/\/apexes.ac\/wp-content\/uploads\/2024\/09\/no-record-found.webp\" \r\n            style=\"color: transparent;\">\r\n            <div style=\"font-size: 30px; font-weight: 600; text-align: center; margin-top: 25px; margin-bottom: 25px;\">No Record Found<\/div>\r\n        <\/div>\r\n        <\/div>\r\n    <\/div><\/div><\/div>\n<\/div>\n\t\t\t\t<\/div>\n\t\t\t\t<\/div>\n\t\t\t\t\t<\/div>\n\t\t\t\t<\/div>\n\t\t\t\t<\/div>","protected":false},"excerpt":{"rendered":"<p>Programs Explore Our Courses and Programs At Apex University, we offer a diverse range of online courses and online university degree courses designed to meet the needs of today&#8217;s dynamic job market. Our programs are accredited, affordable, and crafted to provide a comprehensive learning experience. Whether you are looking to advance your career, gain new skills, or pursue a passion, our online university classes are here to help you achieve your goals.<\/p>","protected":false},"author":1,"featured_media":0,"parent":0,"menu_order":0,"comment_status":"closed","ping_status":"closed","template":"elementor_header_footer","meta":{"_acf_changed":false,"om_disable_all_campaigns":false,"_monsterinsights_skip_tracking":false,"_monsterinsights_sitenote_active":false,"_monsterinsights_sitenote_note":"","_monsterinsights_sitenote_category":0,"footnotes":""},"folder":[],"class_list":["post-3290","page","type-page","status-publish","hentry"],"acf":[],"aioseo_notices":[],"_links":{"self":[{"href":"https:\/\/apexes.ac\/fr\/wp-json\/wp\/v2\/pages\/3290","targetHints":{"allow":["GET"]}}],"collection":[{"href":"https:\/\/apexes.ac\/fr\/wp-json\/wp\/v2\/pages"}],"about":[{"href":"https:\/\/apexes.ac\/fr\/wp-json\/wp\/v2\/types\/page"}],"author":[{"embeddable":true,"href":"https:\/\/apexes.ac\/fr\/wp-json\/wp\/v2\/users\/1"}],"replies":[{"embeddable":true,"href":"https:\/\/apexes.ac\/fr\/wp-json\/wp\/v2\/comments?post=3290"}],"version-history":[{"count":87,"href":"https:\/\/apexes.ac\/fr\/wp-json\/wp\/v2\/pages\/3290\/revisions"}],"predecessor-version":[{"id":4260,"href":"https:\/\/apexes.ac\/fr\/wp-json\/wp\/v2\/pages\/3290\/revisions\/4260"}],"wp:attachment":[{"href":"https:\/\/apexes.ac\/fr\/wp-json\/wp\/v2\/media?parent=3290"}],"wp:term":[{"taxonomy":"folder","embeddable":true,"href":"https:\/\/apexes.ac\/fr\/wp-json\/wp\/v2\/folder?post=3290"}],"curies":[{"name":"wp","href":"https:\/\/api.w.org\/{rel}","templated":true}]}}