{"id":152,"date":"2024-08-08T05:46:29","date_gmt":"2024-08-08T05:46:29","guid":{"rendered":"https:\/\/apexes.ac\/?page_id=152"},"modified":"2025-05-16T12:39:03","modified_gmt":"2025-05-16T12:39:03","slug":"faqs","status":"publish","type":"page","link":"https:\/\/apexes.ac\/fr\/faqs\/","title":{"rendered":"FAQ"},"content":{"rendered":"<div data-elementor-type=\"wp-page\" data-elementor-id=\"152\" class=\"elementor elementor-152\" data-elementor-post-type=\"page\">\n\t\t\t\t<div class=\"elementor-element elementor-element-1c73702 e-con-full e-flex wpr-particle-no wpr-jarallax-no wpr-parallax-no wpr-sticky-section-no e-con e-parent\" data-id=\"1c73702\" data-element_type=\"container\" data-settings=\"{&quot;background_background&quot;:&quot;classic&quot;}\">\n\t\t<div class=\"elementor-element elementor-element-b0031d5 e-con-full e-flex wpr-particle-no wpr-jarallax-no wpr-parallax-no wpr-sticky-section-no e-con e-child\" data-id=\"b0031d5\" data-element_type=\"container\" data-settings=\"{&quot;background_background&quot;:&quot;classic&quot;}\">\n\t\t\t\t<\/div>\n\t\t<div class=\"elementor-element elementor-element-8c4a764 e-con-full e-flex wpr-particle-no wpr-jarallax-no wpr-parallax-no wpr-sticky-section-no e-con e-child\" data-id=\"8c4a764\" data-element_type=\"container\">\n\t\t<div class=\"elementor-element elementor-element-e886d3a e-flex e-con-boxed wpr-particle-no wpr-jarallax-no wpr-parallax-no wpr-sticky-section-no e-con e-child\" data-id=\"e886d3a\" data-element_type=\"container\">\n\t\t\t\t\t<div class=\"e-con-inner\">\n\t\t<div class=\"elementor-element elementor-element-f9fa0b3 e-con-full e-flex wpr-particle-no wpr-jarallax-no wpr-parallax-no wpr-sticky-section-no e-con e-child\" data-id=\"f9fa0b3\" data-element_type=\"container\" data-settings=\"{&quot;background_background&quot;:&quot;classic&quot;}\">\n\t\t\t\t<div class=\"elementor-element elementor-element-c90eafb elementor-widget elementor-widget-heading\" data-id=\"c90eafb\" data-element_type=\"widget\" data-widget_type=\"heading.default\">\n\t\t\t\t<div class=\"elementor-widget-container\">\n\t\t\t<h2 class=\"elementor-heading-title elementor-size-default\">FAQ<\/h2>\t\t<\/div>\n\t\t\t\t<\/div>\n\t\t\t\t<div class=\"elementor-element elementor-element-6e473ab elementor-widget elementor-widget-text-editor\" data-id=\"6e473ab\" data-element_type=\"widget\" data-widget_type=\"text-editor.default\">\n\t\t\t\t<div class=\"elementor-widget-container\">\n\t\t\t\t\t\t\tBienvenue sur la page FAQ d'Apex. Ici vous trouverez des r\u00e9ponses \u00e0 toutes vos questions communes sur nos formations en ligne, les d\u00e9marches de candidatures, l'aide financi\u00e8re, l'accr\u00e9ditation, et autres. N'hesitez pas \u00e0 nous contacter pour toute question suppl\u00e9mentaire.\t\t\t\t\t\t<\/div>\n\t\t\t\t<\/div>\n\t\t\t\t<\/div>\n\t\t<div class=\"elementor-element elementor-element-e5b2348 e-con-full e-flex wpr-particle-no wpr-jarallax-no wpr-parallax-no wpr-sticky-section-no e-con e-child\" data-id=\"e5b2348\" data-element_type=\"container\">\n\t\t\t\t<\/div>\n\t\t\t\t\t<\/div>\n\t\t\t\t<\/div>\n\t\t\t\t<\/div>\n\t\t\t\t<\/div>\n\t\t<div class=\"elementor-element elementor-element-a849b67 e-flex e-con-boxed wpr-particle-no wpr-jarallax-no wpr-parallax-no wpr-sticky-section-no e-con e-parent\" data-id=\"a849b67\" data-element_type=\"container\" data-settings=\"{&quot;background_background&quot;:&quot;classic&quot;}\">\n\t\t\t\t\t<div class=\"e-con-inner\">\n\t\t<div class=\"elementor-element elementor-element-c451d30 e-con-full e-flex wpr-particle-no wpr-jarallax-no wpr-parallax-no wpr-sticky-section-no e-con e-child\" data-id=\"c451d30\" data-element_type=\"container\">\n\t\t\t\t<div class=\"elementor-element elementor-element-84f2bdd elementor-widget elementor-widget-heading\" data-id=\"84f2bdd\" data-element_type=\"widget\" data-widget_type=\"heading.default\">\n\t\t\t\t<div class=\"elementor-widget-container\">\n\t\t\t<h2 class=\"elementor-heading-title elementor-size-default\">FAQ<\/h2>\t\t<\/div>\n\t\t\t\t<\/div>\n\t\t\t\t<div class=\"elementor-element elementor-element-91bc5da elementor-widget elementor-widget-bdt-accordion\" data-id=\"91bc5da\" data-element_type=\"widget\" data-widget_type=\"bdt-accordion.default\">\n\t\t\t\t<div class=\"elementor-widget-container\">\n\t\t\t\t\t<div class=\"bdt-ep-accordion-container\">\n\t\t\t<div id=\"bdt-ep-accordion-91bc5da\" class=\"bdt-ep-accordion bdt-accordion\" data-bdt-accordion=\"{&quot;collapsible&quot;:true,&quot;multiple&quot;:false,&quot;transition&quot;:&quot;ease-in-out&quot;}\" \t\tdata-settings=\"{&quot;id&quot;:&quot;bdt-ep-accordion-91bc5da&quot;,&quot;activeHash&quot;:&quot;no&quot;,&quot;activeScrollspy&quot;:null,&quot;hashTopOffset&quot;:false,&quot;hashScrollspyTime&quot;:false,&quot;closeAllItemsOnMobile&quot;:false}\">\n\t\t\t\t\t\t\t\t\t<div class=\"bdt-ep-accordion-item\">\n\t\t\t\t\t\t<div\t\t\t\t\t\t\tclass=\"bdt-ep-accordion-title bdt-accordion-title bdt-flex bdt-flex-middle bdt-flex-between\" id=\"bdt-ep-accordion-how-do-i-apply\"\n\t\t\t\t\t\t\tdata-accordion-index=\"0\" data-title=\"how-do-i-apply\">\n\n\t\t\t\t\t\t\t\t\t\t\t\t\t\t\t<span class=\"bdt-ep-accordion-icon bdt-flex-align-right\"\n\t\t\t\t\t\t\t\t\taria-hidden=\"true\">\n\n\t\t\t\t\t\t\t\t\t\t\t\t\t\t\t\t\t\t\t<span class=\"bdt-ep-accordion-icon-closed\">\n\t\t\t\t\t\t\t\t\t\t\t<i aria-hidden=\"true\" class=\"fa-fw icon icon-down-arrow1\"><\/i>\t\t\t\t\t\t\t\t\t\t<\/span>\n\t\t\t\t\t\t\t\t\t\n\t\t\t\t\t\t\t\t\t\t\t\t\t\t\t\t\t\t\t<span class=\"bdt-ep-accordion-icon-opened\">\n\t\t\t\t\t\t\t\t\t\t\t<i aria-hidden=\"true\" class=\"fa-fw icon icon-up-arrow1\"><\/i>\t\t\t\t\t\t\t\t\t\t<\/span>\n\t\t\t\t\t\t\t\t\t\n\t\t\t\t\t\t\t\t<\/span>\n\t\t\t\t\t\t\t\n\t\t\t\t\t\t\t<span role=\"heading\" class=\"bdt-ep-title-text bdt-flex-inline bdt-flex-middle\" >\n\n\t\t\t\t\t\t\t\t\t\t\t\t\t\t\t\tComment puis-je postuler ?\t\t\t\t\t\t\t<\/span>\n\n\t\t\t\t\t\t<\/div>\n\t\t\t\t\t\t<div class=\"bdt-ep-accordion-content bdt-accordion-content\">\n\t\t\t\t\t\t\t<p>Pour postuler \u00e0 nos cours universitaires en ligne, vous pouvez tout simplement consulter notre site web et acc\u00e9der \u00e0 la rubrique \u00ab Admissions \u00bb. Vous trouverez des instructions d\u00e9taill\u00e9es sur la fa\u00e7on de postuler au cours en ligne souhait\u00e9. Le processus de candidature comporte un formulaire en ligne et la soumission de n\u00e9cessaires. Pour certaines formations, comme notre universit\u00e9 en ligne pour le MBA, des \u00e9tapes suppl\u00e9mentaires pourraient \u00eatre requises.<br \/>\u00c9tapes pour postuler :<br \/>1. Visitez la page \u00ab Admissions \u00bb<br \/>2. Compl\u00e9tez le formulaire de candidature en ligne<br \/>3. Soumettez les documents n\u00e9cessaires (relev\u00e9s de notes, dipl\u00f4mes, etc.)<br \/>4. Pour le MBA ou autres programmes sp\u00e9cialis\u00e9s, suivez les instructions suppl\u00e9mentaires fournies sur la page de candidature.<\/p>\t\t\t\t\t\t<\/div>\n\t\t\t\t\t<\/div>\n\t\t\t\t\t\t\t\t\t<div class=\"bdt-ep-accordion-item\">\n\t\t\t\t\t\t<div\t\t\t\t\t\t\tclass=\"bdt-ep-accordion-title bdt-accordion-title bdt-flex bdt-flex-middle bdt-flex-between\" id=\"bdt-ep-accordion-what-are-the-admission-requirements\"\n\t\t\t\t\t\t\tdata-accordion-index=\"1\" data-title=\"what-are-the-admission-requirements\">\n\n\t\t\t\t\t\t\t\t\t\t\t\t\t\t\t<span class=\"bdt-ep-accordion-icon bdt-flex-align-right\"\n\t\t\t\t\t\t\t\t\taria-hidden=\"true\">\n\n\t\t\t\t\t\t\t\t\t\t\t\t\t\t\t\t\t\t\t<span class=\"bdt-ep-accordion-icon-closed\">\n\t\t\t\t\t\t\t\t\t\t\t<i aria-hidden=\"true\" class=\"fa-fw icon icon-down-arrow1\"><\/i>\t\t\t\t\t\t\t\t\t\t<\/span>\n\t\t\t\t\t\t\t\t\t\n\t\t\t\t\t\t\t\t\t\t\t\t\t\t\t\t\t\t\t<span class=\"bdt-ep-accordion-icon-opened\">\n\t\t\t\t\t\t\t\t\t\t\t<i aria-hidden=\"true\" class=\"fa-fw icon icon-up-arrow1\"><\/i>\t\t\t\t\t\t\t\t\t\t<\/span>\n\t\t\t\t\t\t\t\t\t\n\t\t\t\t\t\t\t\t<\/span>\n\t\t\t\t\t\t\t\n\t\t\t\t\t\t\t<span role=\"heading\" class=\"bdt-ep-title-text bdt-flex-inline bdt-flex-middle\" >\n\n\t\t\t\t\t\t\t\t\t\t\t\t\t\t\t\tQuelles sont les conditions d'admission ?\t\t\t\t\t\t\t<\/span>\n\n\t\t\t\t\t\t<\/div>\n\t\t\t\t\t\t<div class=\"bdt-ep-accordion-content bdt-accordion-content\">\n\t\t\t\t\t\t\t<p>The admission requirements for our online college courses and online university degree courses vary depending on the program. Generally, you will need to provide proof of previous education, such as transcripts or diplomas, and meet specific prerequisites related to your chosen field of study. For courses offering an online course certificate or online course with certificate.<\/p><p><strong>Exigences G\u00e9n\u00e9rales:<\/strong><\/p><p>Justificatifs de scolarit\u00e9 ant\u00e9rieure (relev\u00e9s de notes, dipl\u00f4mes)<\/p><ul><li>R\u00e9pondre aux pr\u00e9requis sp\u00e9cifiques de votre formation vis\u00e9e.<\/li><li>Pour les cours dipl\u00f4mants, une lettre de motivation ou de recommandation pourrait \u00eatre requise.<\/li><\/ul><p><strong>Exigences sp\u00e9cifiques au programms:<\/strong><\/p><ul><li>Les exigences d\u00e9taill\u00e9es de chaque programme peuvent \u00eatre trouv\u00e9es sur leurs pages respectives.<\/li><\/ul>\t\t\t\t\t\t<\/div>\n\t\t\t\t\t<\/div>\n\t\t\t\t\t\t\t\t\t<div class=\"bdt-ep-accordion-item\">\n\t\t\t\t\t\t<div\t\t\t\t\t\t\tclass=\"bdt-ep-accordion-title bdt-accordion-title bdt-flex bdt-flex-middle bdt-flex-between\" id=\"bdt-ep-accordion-which-universities-are-accredited-for-these-programs\"\n\t\t\t\t\t\t\tdata-accordion-index=\"2\" data-title=\"which-universities-are-accredited-for-these-programs\">\n\n\t\t\t\t\t\t\t\t\t\t\t\t\t\t\t<span class=\"bdt-ep-accordion-icon bdt-flex-align-right\"\n\t\t\t\t\t\t\t\t\taria-hidden=\"true\">\n\n\t\t\t\t\t\t\t\t\t\t\t\t\t\t\t\t\t\t\t<span class=\"bdt-ep-accordion-icon-closed\">\n\t\t\t\t\t\t\t\t\t\t\t<i aria-hidden=\"true\" class=\"fa-fw icon icon-down-arrow1\"><\/i>\t\t\t\t\t\t\t\t\t\t<\/span>\n\t\t\t\t\t\t\t\t\t\n\t\t\t\t\t\t\t\t\t\t\t\t\t\t\t\t\t\t\t<span class=\"bdt-ep-accordion-icon-opened\">\n\t\t\t\t\t\t\t\t\t\t\t<i aria-hidden=\"true\" class=\"fa-fw icon icon-up-arrow1\"><\/i>\t\t\t\t\t\t\t\t\t\t<\/span>\n\t\t\t\t\t\t\t\t\t\n\t\t\t\t\t\t\t\t<\/span>\n\t\t\t\t\t\t\t\n\t\t\t\t\t\t\t<span role=\"heading\" class=\"bdt-ep-title-text bdt-flex-inline bdt-flex-middle\" >\n\n\t\t\t\t\t\t\t\t\t\t\t\t\t\t\t\tQuelles universit\u00e9s sont accr\u00e9dit\u00e9es pour ces programmes ?\t\t\t\t\t\t\t<\/span>\n\n\t\t\t\t\t\t<\/div>\n\t\t\t\t\t\t<div class=\"bdt-ep-accordion-content bdt-accordion-content\">\n\t\t\t\t\t\t\t<p>Apex collabore avec plusieurs universit\u00e9s r\u00e9put\u00e9es et accr\u00e9dit\u00e9es pour dispenser ses programmes en ligne. Ces partenariats garantissent que nos programmes r\u00e9pondent \u00e0 des normes acad\u00e9miques rigoureuses et sont reconnus internationalement. Nos universit\u00e9s partenaires incluent :<\/p><p>* Iconic Open University<\/p><p>* Universit\u00e9 Al-Eamar de Guin\u00e9e<\/p><p>* Al-Hikmah University<\/p><p>* Al-Muhibbah Open University<\/p>\t\t\t\t\t\t<\/div>\n\t\t\t\t\t<\/div>\n\t\t\t\t\t\t\t\t\t<div class=\"bdt-ep-accordion-item\">\n\t\t\t\t\t\t<div\t\t\t\t\t\t\tclass=\"bdt-ep-accordion-title bdt-accordion-title bdt-flex bdt-flex-middle bdt-flex-between\" id=\"bdt-ep-accordion-is-financial-aid-available\"\n\t\t\t\t\t\t\tdata-accordion-index=\"3\" data-title=\"is-financial-aid-available\">\n\n\t\t\t\t\t\t\t\t\t\t\t\t\t\t\t<span class=\"bdt-ep-accordion-icon bdt-flex-align-right\"\n\t\t\t\t\t\t\t\t\taria-hidden=\"true\">\n\n\t\t\t\t\t\t\t\t\t\t\t\t\t\t\t\t\t\t\t<span class=\"bdt-ep-accordion-icon-closed\">\n\t\t\t\t\t\t\t\t\t\t\t<i aria-hidden=\"true\" class=\"fa-fw icon icon-down-arrow1\"><\/i>\t\t\t\t\t\t\t\t\t\t<\/span>\n\t\t\t\t\t\t\t\t\t\n\t\t\t\t\t\t\t\t\t\t\t\t\t\t\t\t\t\t\t<span class=\"bdt-ep-accordion-icon-opened\">\n\t\t\t\t\t\t\t\t\t\t\t<i aria-hidden=\"true\" class=\"fa-fw icon icon-up-arrow1\"><\/i>\t\t\t\t\t\t\t\t\t\t<\/span>\n\t\t\t\t\t\t\t\t\t\n\t\t\t\t\t\t\t\t<\/span>\n\t\t\t\t\t\t\t\n\t\t\t\t\t\t\t<span role=\"heading\" class=\"bdt-ep-title-text bdt-flex-inline bdt-flex-middle\" >\n\n\t\t\t\t\t\t\t\t\t\t\t\t\t\t\t\tUne aide financi\u00e8re est-elle disponible ?\t\t\t\t\t\t\t<\/span>\n\n\t\t\t\t\t\t<\/div>\n\t\t\t\t\t\t<div class=\"bdt-ep-accordion-content bdt-accordion-content\">\n\t\t\t\t\t\t\t<p>Oui, une aide financi\u00e8re est disponible pour plusieurs de nos formations et cours universitaires en ligne. Nous offrons \u00e9ventail d'options d'aides financi\u00e8res, y compris des bourses, dons, et plans de paiement pour rendre nos programmes accessibles \u00e0 tout \u00e9tudiant. Des informations d\u00e9taill\u00e9es sur l'admissibilit\u00e9 \u00e0 l'aide financi\u00e8re et les d\u00e9marches de candidature peuvent \u00eatre trouv\u00e9es sur notre page Aide Financi\u00e8re. Que vous suivez un cours en ligne en marketing ou une formation universitaire compl\u00e8te en ligne, nous nous engageons \u00e0 vous aider pour atteindre vos objectifs \u00e9ducatifs \u00e0 un prix abordable.<\/p><p><strong>Options d'aide financi\u00e8re:<\/strong><\/p><p>\u00a0 \u00a0 \u00a0 \u00a0 \u00a0 \u00a0 \u00a0 \u00a0 \u00a0 \u00a0 \u00a0 \u00a0<\/p><ul><li>\u00a0 \u00a0Bourses<\/li><li>\u00a0 Dons<\/li><li>\u00a0 Plans de paiement<\/li><\/ul><p>\u00a0<\/p><p><strong>Comment faire une demande d'aide financi\u00e8re:<\/strong><\/p><ul><li>Visitez la page Aide Financi\u00e8re<\/li><li>V\u00e9rifiez certains crit\u00e8res d'admissibilit\u00e9.<\/li><li>Suivez les d\u00e9marches de candidature indiqu\u00e9es.<\/li><\/ul>\t\t\t\t\t\t<\/div>\n\t\t\t\t\t<\/div>\n\t\t\t\t\t\t\t\t\t<div class=\"bdt-ep-accordion-item\">\n\t\t\t\t\t\t<div\t\t\t\t\t\t\tclass=\"bdt-ep-accordion-title bdt-accordion-title bdt-flex bdt-flex-middle bdt-flex-between\" id=\"bdt-ep-accordion-are-the-online-courses-accredited\"\n\t\t\t\t\t\t\tdata-accordion-index=\"4\" data-title=\"are-the-online-courses-accredited\">\n\n\t\t\t\t\t\t\t\t\t\t\t\t\t\t\t<span class=\"bdt-ep-accordion-icon bdt-flex-align-right\"\n\t\t\t\t\t\t\t\t\taria-hidden=\"true\">\n\n\t\t\t\t\t\t\t\t\t\t\t\t\t\t\t\t\t\t\t<span class=\"bdt-ep-accordion-icon-closed\">\n\t\t\t\t\t\t\t\t\t\t\t<i aria-hidden=\"true\" class=\"fa-fw icon icon-down-arrow1\"><\/i>\t\t\t\t\t\t\t\t\t\t<\/span>\n\t\t\t\t\t\t\t\t\t\n\t\t\t\t\t\t\t\t\t\t\t\t\t\t\t\t\t\t\t<span class=\"bdt-ep-accordion-icon-opened\">\n\t\t\t\t\t\t\t\t\t\t\t<i aria-hidden=\"true\" class=\"fa-fw icon icon-up-arrow1\"><\/i>\t\t\t\t\t\t\t\t\t\t<\/span>\n\t\t\t\t\t\t\t\t\t\n\t\t\t\t\t\t\t\t<\/span>\n\t\t\t\t\t\t\t\n\t\t\t\t\t\t\t<span role=\"heading\" class=\"bdt-ep-title-text bdt-flex-inline bdt-flex-middle\" >\n\n\t\t\t\t\t\t\t\t\t\t\t\t\t\t\t\tLes cours en ligne sont-ils accr\u00e9dit\u00e9s ?\t\t\t\t\t\t\t<\/span>\n\n\t\t\t\t\t\t<\/div>\n\t\t\t\t\t\t<div class=\"bdt-ep-accordion-content bdt-accordion-content\">\n\t\t\t\t\t\t\t<p>Oui, tous nos formations et cours universitaires en ligne sont enti\u00e8rement accr\u00e9dit\u00e9. Nous \u00e9tablissons des partnerriats avec des etablissements reput\u00e9s pour assurer que nos programmes reponsent a des normes academiques rigoureuses. Que vous suivez un cours en ligne en marketing ou une formation universitaire compl\u00e8te en ligne, vous pouvez \u00eatre certains que votre \u00e9ducation sera reconnue et respect\u00e9e par les employeurs et les \u00e9tablissements partout dans le monde.<\/p><p><strong>D\u00e9tails d'accr\u00e9ditation:<\/strong><\/p><ul><li>Our programs are accredited by recognized accrediting bodies.<\/li><li>Partnered with reputable universities to maintain high academic standards.<\/li><\/ul>\t\t\t\t\t\t<\/div>\n\t\t\t\t\t<\/div>\n\t\t\t\t\t\t\t\t\t<div class=\"bdt-ep-accordion-item\">\n\t\t\t\t\t\t<div\t\t\t\t\t\t\tclass=\"bdt-ep-accordion-title bdt-accordion-title bdt-flex bdt-flex-middle bdt-flex-between\" id=\"bdt-ep-accordion-do-the-online-courses-offer-certificates\"\n\t\t\t\t\t\t\tdata-accordion-index=\"5\" data-title=\"do-the-online-courses-offer-certificates\">\n\n\t\t\t\t\t\t\t\t\t\t\t\t\t\t\t<span class=\"bdt-ep-accordion-icon bdt-flex-align-right\"\n\t\t\t\t\t\t\t\t\taria-hidden=\"true\">\n\n\t\t\t\t\t\t\t\t\t\t\t\t\t\t\t\t\t\t\t<span class=\"bdt-ep-accordion-icon-closed\">\n\t\t\t\t\t\t\t\t\t\t\t<i aria-hidden=\"true\" class=\"fa-fw icon icon-down-arrow1\"><\/i>\t\t\t\t\t\t\t\t\t\t<\/span>\n\t\t\t\t\t\t\t\t\t\n\t\t\t\t\t\t\t\t\t\t\t\t\t\t\t\t\t\t\t<span class=\"bdt-ep-accordion-icon-opened\">\n\t\t\t\t\t\t\t\t\t\t\t<i aria-hidden=\"true\" class=\"fa-fw icon icon-up-arrow1\"><\/i>\t\t\t\t\t\t\t\t\t\t<\/span>\n\t\t\t\t\t\t\t\t\t\n\t\t\t\t\t\t\t\t<\/span>\n\t\t\t\t\t\t\t\n\t\t\t\t\t\t\t<span role=\"heading\" class=\"bdt-ep-title-text bdt-flex-inline bdt-flex-middle\" >\n\n\t\t\t\t\t\t\t\t\t\t\t\t\t\t\t\tLes cours en ligne offrent-ils des certificats ?\t\t\t\t\t\t\t<\/span>\n\n\t\t\t\t\t\t<\/div>\n\t\t\t\t\t\t<div class=\"bdt-ep-accordion-content bdt-accordion-content\">\n\t\t\t\t\t\t\t<p>Oui, plusieurs de nos cours en ligne fournissent des certificats \u00e0 la fin. Ces certificats sont des r\u00e9f\u00e9rences pr\u00e9cieuses qui peuvent enrichir votre CV et d\u00e9montrer votre engagement envers le d\u00e9veloppement professionnel. Lorsque vous compl\u00e9tez un cours dipl\u00f4mant en ligne, vous recevez un certificat num\u00e9rique que vous pouvezpartager avec des employeurs ou sur des sites de r\u00e9seautage professionnel. Nos certificats sont approuv\u00e9s par les ambassades et les minist\u00e8res, ce qui permet de renforcer la cr\u00e9dibilit\u00e9 de vos r\u00e9alisations.<\/p><p><strong>Programmes menant \u00e0 un certificat:<\/strong><\/p><ul><li>Des certificats digitaux sont accessibles \u00e0 la fin des cours.<\/li><li>Approuv\u00e9s par les ambassades et les minist\u00e8res<\/li><li>Renforcez votre CV et votre profil professionnel<\/li><\/ul>\t\t\t\t\t\t<\/div>\n\t\t\t\t\t<\/div>\n\t\t\t\t\t\t\t\t\t<div class=\"bdt-ep-accordion-item\">\n\t\t\t\t\t\t<div\t\t\t\t\t\t\tclass=\"bdt-ep-accordion-title bdt-accordion-title bdt-flex bdt-flex-middle bdt-flex-between\" id=\"bdt-ep-accordion-additional-questions\"\n\t\t\t\t\t\t\tdata-accordion-index=\"6\" data-title=\"additional-questions\">\n\n\t\t\t\t\t\t\t\t\t\t\t\t\t\t\t<span class=\"bdt-ep-accordion-icon bdt-flex-align-right\"\n\t\t\t\t\t\t\t\t\taria-hidden=\"true\">\n\n\t\t\t\t\t\t\t\t\t\t\t\t\t\t\t\t\t\t\t<span class=\"bdt-ep-accordion-icon-closed\">\n\t\t\t\t\t\t\t\t\t\t\t<i aria-hidden=\"true\" class=\"fa-fw icon icon-down-arrow1\"><\/i>\t\t\t\t\t\t\t\t\t\t<\/span>\n\t\t\t\t\t\t\t\t\t\n\t\t\t\t\t\t\t\t\t\t\t\t\t\t\t\t\t\t\t<span class=\"bdt-ep-accordion-icon-opened\">\n\t\t\t\t\t\t\t\t\t\t\t<i aria-hidden=\"true\" class=\"fa-fw icon icon-up-arrow1\"><\/i>\t\t\t\t\t\t\t\t\t\t<\/span>\n\t\t\t\t\t\t\t\t\t\n\t\t\t\t\t\t\t\t<\/span>\n\t\t\t\t\t\t\t\n\t\t\t\t\t\t\t<span role=\"heading\" class=\"bdt-ep-title-text bdt-flex-inline bdt-flex-middle\" >\n\n\t\t\t\t\t\t\t\t\t\t\t\t\t\t\t\tAvez-vous des questions suppl\u00e9mentaires ?\t\t\t\t\t\t\t<\/span>\n\n\t\t\t\t\t\t<\/div>\n\t\t\t\t\t\t<div class=\"bdt-ep-accordion-content bdt-accordion-content\">\n\t\t\t\t\t\t\t<p>If you have any further questions or need additional information, please feel free to reach out to our support team.<\/p><p><strong>Informations de Contact:<\/strong><\/p><ul><li><strong>Adresse Mail:<\/strong> support@apex.edu<\/li><li><strong>Num\u00e9ro de Telephone:<\/strong> +234-123-4572<\/li><\/ul>\t\t\t\t\t\t<\/div>\n\t\t\t\t\t<\/div>\n\t\t\t\t\t\t\t<\/div>\n\t\t<\/div>\n\t\t\t\t<\/div>\n\t\t\t\t<\/div>\n\t\t\t\t<\/div>\n\t\t\t\t\t<\/div>\n\t\t\t\t<\/div>\n\t\t\t\t<\/div>","protected":false},"excerpt":{"rendered":"<p>FAQs Welcome to the FAQ page of Apex Here you will find answers to common questions about our online programs, admissions process, financial aid, accreditation, and more. If you have any additional questions, please feel free to contact us. FAQs How do I apply? To apply for our online university classes, simply visit our website and navigate to the &#8216;Admissions&#8217; section. You can find detailed instructions on how to apply for your desired online course. The application process includes completing an online form and submitting the necessary documents. For specific programs, like our online university for MBA, additional steps may be required.Steps to Apply:1.Visit the Admissions Page.2.Complete the online application form.3.Submit necessary documents (transcripts, diplomas, etc.).4.For MBA and other specialized programs, follow additional instructions provided on the admissions page. What are the admission requirements? The admission requirements for our online college courses and online university degree courses vary depending on the program. Generally, you will need to provide proof of previous education, such as transcripts or diplomas, and meet specific prerequisites related to your chosen field of study. For courses offering an online course certificate or online course with certificate. General Requirements: Proof of previous education (transcripts, diplomas). Meet specific prerequisites for your chosen program. For certificate courses, a statement of purpose and letters of recommendation may be required. Program-Specific Requirements: Detailed requirements for each program can be found on the respective program pages. Which universities are accredited for these programs? Apex collaborates with several reputable and accredited universities to deliver its online programs. These partnerships ensure that our programs meet rigorous academic standards and are recognized internationally. Our partner universities include: * Iconic Open University * Al-Eamar University of Guinea * Al-Hikmah University * Al-Muhibbah Open University Is financial aid available? Yes, financial aid is available for many of our online university classes and online college courses. We offer a range of financial aid options, including scholarships, grants, and payment plans to make our programs accessible to all students. Detailed information on financial aid eligibility and application procedures can be found on our Financial Aid page. Whether you are pursuing an online course in marketing or a full online university degree course, we are committed to helping you achieve your educational goals affordably. Financial Aid Options: \u00a0 \u00a0 \u00a0 \u00a0 \u00a0 \u00a0 \u00a0 \u00a0 \u00a0 \u00a0 \u00a0 \u00a0 \u00a0 \u00a0Scholarships \u00a0 Grants \u00a0 Payment plans \u00a0 How to Apply for Financial Aid: Visit the Financial Aid Page. Check eligibility criteria. Follow the application procedures listed. Are the online courses accredited? Yes, all our online university classes and online college courses are fully accredited. We partner with reputable institutions to ensure that our programs meet rigorous academic standards. Whether you&#8217;re taking an online course in marketing or pursuing an online university degree course, you can be confident that your education will be recognized and respected by employers and educational institutions worldwide. Accreditation Details: Our programs are accredited by recognized accrediting bodies. Partnered with reputable universities to maintain high academic standards. Do the online courses offer certificates? Yes, many of our online courses provide certificates upon completion. These online course certificates are valuable credentials that can enhance your resume and demonstrate your commitment to professional development. When you complete an online course with a certificate, you&#8217;ll receive a digital certificate that you can share with employers or on professional networking sites. Our certificates are endorsed by embassies and ministries, adding extra credibility to your achievements. Certificate Programs: Digital certificates available upon course completion. Endorsed by embassies and ministries. Enhance your resume and professional profile. Additional Questions? If you have any further questions or need additional information, please feel free to reach out to our support team. Contact Information: Email: support@apex.edu Phone: +234-123-4572<\/p>","protected":false},"author":1,"featured_media":0,"parent":0,"menu_order":0,"comment_status":"closed","ping_status":"closed","template":"elementor_header_footer","meta":{"_acf_changed":false,"om_disable_all_campaigns":false,"_monsterinsights_skip_tracking":false,"_monsterinsights_sitenote_active":false,"_monsterinsights_sitenote_note":"","_monsterinsights_sitenote_category":0,"footnotes":""},"folder":[32],"class_list":["post-152","page","type-page","status-publish","hentry"],"acf":[],"aioseo_notices":[],"_hostinger_reach_plugin_has_subscription_block":false,"_hostinger_reach_plugin_is_elementor":false,"_links":{"self":[{"href":"https:\/\/apexes.ac\/fr\/wp-json\/wp\/v2\/pages\/152","targetHints":{"allow":["GET"]}}],"collection":[{"href":"https:\/\/apexes.ac\/fr\/wp-json\/wp\/v2\/pages"}],"about":[{"href":"https:\/\/apexes.ac\/fr\/wp-json\/wp\/v2\/types\/page"}],"author":[{"embeddable":true,"href":"https:\/\/apexes.ac\/fr\/wp-json\/wp\/v2\/users\/1"}],"replies":[{"embeddable":true,"href":"https:\/\/apexes.ac\/fr\/wp-json\/wp\/v2\/comments?post=152"}],"version-history":[{"count":6,"href":"https:\/\/apexes.ac\/fr\/wp-json\/wp\/v2\/pages\/152\/revisions"}],"predecessor-version":[{"id":4612,"href":"https:\/\/apexes.ac\/fr\/wp-json\/wp\/v2\/pages\/152\/revisions\/4612"}],"wp:attachment":[{"href":"https:\/\/apexes.ac\/fr\/wp-json\/wp\/v2\/media?parent=152"}],"wp:term":[{"taxonomy":"folder","embeddable":true,"href":"https:\/\/apexes.ac\/fr\/wp-json\/wp\/v2\/folder?post=152"}],"curies":[{"name":"wp","href":"https:\/\/api.w.org\/{rel}","templated":true}]}}